{"id":7031,"date":"2023-06-06T13:38:37","date_gmt":"2023-06-06T13:38:37","guid":{"rendered":"https:\/\/navalradio.com\/?page_id=7031"},"modified":"2025-11-18T14:53:11","modified_gmt":"2025-11-18T14:53:11","slug":"blog","status":"publish","type":"page","link":"https:\/\/navalradio.com\/en\/blog\/","title":{"rendered":"Blog"},"content":{"rendered":"<div id=\"fws_69d37b51d42ba\"  data-column-margin=\"default\" data-midnight=\"dark\"  class=\"wpb_row vc_row-fluid vc_row\"  style=\"padding-top: 0px; padding-bottom: 0px; \"><div class=\"row-bg-wrap\" data-bg-animation=\"none\" data-bg-animation-delay=\"\" data-bg-overlay=\"false\"><div class=\"inner-wrap row-bg-layer\" ><div class=\"row-bg viewport-desktop\"  style=\"\"><\/div><\/div><\/div><div class=\"row_col_wrap_12 col span_12 dark left\">\n\t<div  class=\"vc_col-sm-12 wpb_column column_container vc_column_container col no-extra-padding inherit_tablet inherit_phone\"  data-padding-pos=\"all\" data-has-bg-color=\"false\" data-bg-color=\"\" data-bg-opacity=\"1\" data-animation=\"\" data-delay=\"0\" >\n\t\t<div class=\"vc_column-inner\" >\n\t\t\t<div class=\"wpb_wrapper\">\n\t\t\t\t\n<div class=\"row\">\n\n <div class=\"post-area col featured_img_left span_9\" data-ams=\"\" data-remove-post-date=\"1\" data-remove-post-author=\"1\" data-remove-post-comment-number=\"1\" data-remove-post-nectar-love=\"1\"> <div class=\"posts-container\" data-load-animation=\"none\">     \n     \n<article id=\"post-7085\" class=\"post-7085 post type-post status-publish format-standard has-post-thumbnail category-marine-service category-navigation-equipment tag-voyage-data-recorder-buy-in-our-company\">  \n  <div class=\"inner-wrap animated\">\n    <div class=\"post-content\">\n      <div class=\"article-content-wrap\">\n        <div class=\"post-featured-img-wrap\">\n          <a href=\"https:\/\/navalradio.com\/en\/2023\/06\/08\/voyage-data-recorder-buy-in-our-company\/\" aria-label=\"Voyage Data Recorder buy in our company\"><span class=\"post-featured-img\"><img loading=\"lazy\" decoding=\"async\" width=\"850\" height=\"500\" src=\"https:\/\/navalradio.com\/wp-content\/uploads\/2023\/06\/NRP-4.jpeg\" class=\"attachment-wide_photography size-wide_photography skip-lazy wp-post-image\" alt=\"\" title=\"\" sizes=\"auto, (min-width: 690px) 40vw, 100vw\" srcset=\"https:\/\/navalradio.com\/wp-content\/uploads\/2023\/06\/NRP-4.jpeg 850w, https:\/\/navalradio.com\/wp-content\/uploads\/2023\/06\/NRP-4-300x176.jpeg 300w, https:\/\/navalradio.com\/wp-content\/uploads\/2023\/06\/NRP-4-768x452.jpeg 768w, https:\/\/navalradio.com\/wp-content\/uploads\/2023\/06\/NRP-4-18x12.jpeg 18w\" \/><\/span><\/a>          \n        <\/div>\n        <div class=\"post-content-wrap\">\n          <a class=\"entire-meta-link\" href=\"https:\/\/navalradio.com\/en\/2023\/06\/08\/voyage-data-recorder-buy-in-our-company\/\"><span class=\"screen-reader-text\">Voyage Data Recorder buy in our company<\/span><\/a>\n          <span class=\"meta-category\"><a class=\"marine-service\" href=\"https:\/\/navalradio.com\/en\/category\/marine-service\/\">Marine Service<\/a><a class=\"navigation-equipment\" href=\"https:\/\/navalradio.com\/en\/category\/navigation-equipment\/\">Navigation Equipment<\/a><\/span>          \n          <div class=\"post-header\">\n            <h3 class=\"title\"><a href=\"https:\/\/navalradio.com\/en\/2023\/06\/08\/voyage-data-recorder-buy-in-our-company\/\"> Voyage Data Recorder buy in our company<\/a><\/h3>\n          <\/div>\n          \n          <div class=\"excerpt\">Table of Contents Introduction Benefits of Installing a Voyage Data Recorder in Your Vessel Top\u2026<\/div><div class=\"grav-wrap\"><a href=\"https:\/\/navalradio.com\/en\/author\/naval\/\"><img alt='eduardo peralta' src='https:\/\/secure.gravatar.com\/avatar\/05dd365dc2609fea3e4fd6b5403663ac?s=70&#038;d=mm&#038;r=g' srcset='https:\/\/secure.gravatar.com\/avatar\/05dd365dc2609fea3e4fd6b5403663ac?s=140&#038;d=mm&#038;r=g 2x' class='avatar avatar-70 photo' height='70' width='70' \/><\/a><div class=\"text\"><a href=\"https:\/\/navalradio.com\/en\/author\/naval\/\" rel=\"author\">eduardo peralta<\/a><span>08\/06\/2023<\/span><\/div><\/div>        <\/div>\n      <\/div>\n    <\/div>\n  <\/div>\n<\/article>     \n     \n<article id=\"post-7076\" class=\"post-7076 post type-post status-publish format-standard has-post-thumbnail category-marine-service category-navigation-equipment tag-navigation-equipment-chile\">  \n  <div class=\"inner-wrap animated\">\n    <div class=\"post-content\">\n      <div class=\"article-content-wrap\">\n        <div class=\"post-featured-img-wrap\">\n          <a href=\"https:\/\/navalradio.com\/en\/2023\/06\/07\/navigation-equipment-chile\/\" aria-label=\"Navigation Equipment Chile\"><span class=\"post-featured-img\"><img loading=\"lazy\" decoding=\"async\" width=\"900\" height=\"600\" src=\"https:\/\/navalradio.com\/wp-content\/uploads\/2023\/06\/NRP-2-1-900x600.webp\" class=\"attachment-wide_photography size-wide_photography skip-lazy wp-post-image\" alt=\"\" title=\"\" sizes=\"auto, (min-width: 690px) 40vw, 100vw\" \/><\/span><\/a>          \n        <\/div>\n        <div class=\"post-content-wrap\">\n          <a class=\"entire-meta-link\" href=\"https:\/\/navalradio.com\/en\/2023\/06\/07\/navigation-equipment-chile\/\"><span class=\"screen-reader-text\">Navigation Equipment Chile<\/span><\/a>\n          <span class=\"meta-category\"><a class=\"marine-service\" href=\"https:\/\/navalradio.com\/en\/category\/marine-service\/\">Marine Service<\/a><a class=\"navigation-equipment\" href=\"https:\/\/navalradio.com\/en\/category\/navigation-equipment\/\">Navigation Equipment<\/a><\/span>          \n          <div class=\"post-header\">\n            <h3 class=\"title\"><a href=\"https:\/\/navalradio.com\/en\/2023\/06\/07\/navigation-equipment-chile\/\"> Navigation Equipment Chile<\/a><\/h3>\n          <\/div>\n          \n          <div class=\"excerpt\">Tabla de contenido Introducci\u00f3n C\u00f3mo elegir el equipo de navegaci\u00f3n adecuado para tu aventura chilena&hellip;<\/div><div class=\"grav-wrap\"><a href=\"https:\/\/navalradio.com\/en\/author\/naval\/\"><img alt='eduardo peralta' src='https:\/\/secure.gravatar.com\/avatar\/05dd365dc2609fea3e4fd6b5403663ac?s=70&#038;d=mm&#038;r=g' srcset='https:\/\/secure.gravatar.com\/avatar\/05dd365dc2609fea3e4fd6b5403663ac?s=140&#038;d=mm&#038;r=g 2x' class='avatar avatar-70 photo' height='70' width='70' \/><\/a><div class=\"text\"><a href=\"https:\/\/navalradio.com\/en\/author\/naval\/\" rel=\"author\">eduardo peralta<\/a><span>07\/06\/2023<\/span><\/div><\/div>        <\/div>\n      <\/div>\n    <\/div>\n  <\/div>\n<\/article>     \n     \n<article id=\"post-7065\" class=\"post-7065 post type-post status-publish format-standard has-post-thumbnail category-marine-service tag-maritime-services-company\">  \n  <div class=\"inner-wrap animated\">\n    <div class=\"post-content\">\n      <div class=\"article-content-wrap\">\n        <div class=\"post-featured-img-wrap\">\n          <a href=\"https:\/\/navalradio.com\/en\/2023\/06\/07\/what-does-our-maritime-services-company-do\/\" aria-label=\"What does our maritime services company do?\"><span class=\"post-featured-img\"><img loading=\"lazy\" decoding=\"async\" width=\"900\" height=\"600\" src=\"https:\/\/navalradio.com\/wp-content\/uploads\/2023\/06\/NRP-3-900x600.jpg\" class=\"attachment-wide_photography size-wide_photography skip-lazy wp-post-image\" alt=\"\" title=\"\" sizes=\"auto, (min-width: 690px) 40vw, 100vw\" \/><\/span><\/a>          \n        <\/div>\n        <div class=\"post-content-wrap\">\n          <a class=\"entire-meta-link\" href=\"https:\/\/navalradio.com\/en\/2023\/06\/07\/what-does-our-maritime-services-company-do\/\"><span class=\"screen-reader-text\">What does our maritime services company do?<\/span><\/a>\n          <span class=\"meta-category\"><a class=\"marine-service\" href=\"https:\/\/navalradio.com\/en\/category\/marine-service\/\">Marine Service<\/a><\/span>          \n          <div class=\"post-header\">\n            <h3 class=\"title\"><a href=\"https:\/\/navalradio.com\/en\/2023\/06\/07\/what-does-our-maritime-services-company-do\/\"> What does our maritime services company do?<\/a><\/h3>\n          <\/div>\n          \n          <div class=\"excerpt\">Table of Contents Introduction The Importance of Choosing a Reliable Maritime Services Provider Conclusion &quot;Providing\u2026<\/div><div class=\"grav-wrap\"><a href=\"https:\/\/navalradio.com\/en\/author\/naval\/\"><img alt='eduardo peralta' src='https:\/\/secure.gravatar.com\/avatar\/05dd365dc2609fea3e4fd6b5403663ac?s=70&#038;d=mm&#038;r=g' srcset='https:\/\/secure.gravatar.com\/avatar\/05dd365dc2609fea3e4fd6b5403663ac?s=140&#038;d=mm&#038;r=g 2x' class='avatar avatar-70 photo' height='70' width='70' \/><\/a><div class=\"text\"><a href=\"https:\/\/navalradio.com\/en\/author\/naval\/\" rel=\"author\">eduardo peralta<\/a><span>07\/06\/2023<\/span><\/div><\/div>        <\/div>\n      <\/div>\n    <\/div>\n  <\/div>\n<\/article>    \n    <\/div><!--\/posts container-->\n    \n      \n<\/div><!--\/post area-->\n\n  \n  <div id=\"sidebar\" data-nectar-ss=\"\" class=\"col span_3 col_last\">\n    <div id=\"search-2\" class=\"widget widget_search\"><form role=\"search\" method=\"get\" class=\"search-form\" action=\"https:\/\/navalradio.com\/en\/\" data-trp-original-action=\"https:\/\/navalradio.com\/en\/\">\n\t<input type=\"text\" class=\"search-field\" placeholder=\"Search...\" value=\"\" name=\"s\" title=\"Search for:\" \/>\n\t<button type=\"submit\" class=\"search-widget-btn\"><span class=\"normal icon-salient-search\" aria-hidden=\"true\"><\/span><span class=\"text\">Search<\/span><\/button>\n<input type=\"hidden\" name=\"trp-form-language\" value=\"en\"\/><\/form><\/div>\n\t\t<div id=\"recent-posts-2\" class=\"widget widget_recent_entries\">\n\t\t<h4>Recent Posts<\/h4>\n\t\t<ul>\n\t\t\t\t\t\t\t\t\t\t\t<li>\n\t\t\t\t\t<a href=\"https:\/\/navalradio.com\/en\/2023\/06\/08\/voyage-data-recorder-buy-in-our-company\/\">Voyage Data Recorder buy in our company<\/a>\n\t\t\t\t\t\t\t\t\t<\/li>\n\t\t\t\t\t\t\t\t\t\t\t<li>\n\t\t\t\t\t<a href=\"https:\/\/navalradio.com\/en\/2023\/06\/07\/navigation-equipment-chile\/\">Navigation Equipment Chile<\/a>\n\t\t\t\t\t\t\t\t\t<\/li>\n\t\t\t\t\t\t\t\t\t\t\t<li>\n\t\t\t\t\t<a href=\"https:\/\/navalradio.com\/en\/2023\/06\/07\/what-does-our-maritime-services-company-do\/\">What does our maritime services company do?<\/a>\n\t\t\t\t\t\t\t\t\t<\/li>\n\t\t\t\t\t<\/ul>\n\n\t\t<\/div><div id=\"archives-2\" class=\"widget widget_archive\"><h4>Archives<\/h4>\n\t\t\t<ul>\n\t\t\t\t\t<li><a href='https:\/\/navalradio.com\/en\/2023\/06\/'>June 2023<\/a><\/li>\n\t\t\t<\/ul>\n\n\t\t\t<\/div><div id=\"categories-2\" class=\"widget widget_categories\"><h4>categories<\/h4>\n\t\t\t<ul>\n\t\t\t\t\t<li class=\"cat-item cat-item-30\"><a href=\"https:\/\/navalradio.com\/en\/category\/marine-service\/\">Marine Service<\/a>\n<\/li>\n\t<li class=\"cat-item cat-item-32\"><a href=\"https:\/\/navalradio.com\/en\/category\/navigation-equipment\/\">Navigation Equipment<\/a>\n<\/li>\n\t\t\t<\/ul>\n\n\t\t\t<\/div><div id=\"meta-2\" class=\"widget widget_meta\"><h4>Goal<\/h4>\n\t\t<ul>\n\t\t\t\t\t\t<li><a href=\"https:\/\/navalradio.com\/wp-login.php\">log in<\/a><\/li>\n\t\t\t<li><a href=\"https:\/\/navalradio.com\/en\/feed\/\">Entries feed<\/a><\/li>\n\t\t\t<li><a href=\"https:\/\/navalradio.com\/en\/comments\/feed\/\">Comment feed<\/a><\/li>\n\n\t\t\t<li><a href=\"https:\/\/wordpress.org\/\">WordPress.org<\/a><\/li>\n\t\t<\/ul>\n\n\t\t<\/div>  <\/div><!--\/span_3-->\n \n<\/div>\n\n\n\t\t\t<\/div> \n\t\t<\/div>\n\t<\/div> \n<\/div><\/div>","protected":false},"excerpt":{"rendered":"Table of Contents Introduction The Importance of Choosing a Reliable Maritime Services Provider Conclusion &quot;Providing reliable and efficient maritime solutions for your business needs.&quot; Our maritime services company provides a...","protected":false},"author":2,"featured_media":0,"parent":0,"menu_order":0,"comment_status":"closed","ping_status":"closed","template":"","meta":{"footnotes":""},"class_list":["post-7031","page","type-page","status-publish"],"_links":{"self":[{"href":"https:\/\/navalradio.com\/en\/wp-json\/wp\/v2\/pages\/7031","targetHints":{"allow":["GET"]}}],"collection":[{"href":"https:\/\/navalradio.com\/en\/wp-json\/wp\/v2\/pages"}],"about":[{"href":"https:\/\/navalradio.com\/en\/wp-json\/wp\/v2\/types\/page"}],"author":[{"embeddable":true,"href":"https:\/\/navalradio.com\/en\/wp-json\/wp\/v2\/users\/2"}],"replies":[{"embeddable":true,"href":"https:\/\/navalradio.com\/en\/wp-json\/wp\/v2\/comments?post=7031"}],"version-history":[{"count":4,"href":"https:\/\/navalradio.com\/en\/wp-json\/wp\/v2\/pages\/7031\/revisions"}],"predecessor-version":[{"id":7185,"href":"https:\/\/navalradio.com\/en\/wp-json\/wp\/v2\/pages\/7031\/revisions\/7185"}],"wp:attachment":[{"href":"https:\/\/navalradio.com\/en\/wp-json\/wp\/v2\/media?parent=7031"}],"curies":[{"name":"wp","href":"https:\/\/api.w.org\/{rel}","templated":true}]}}